{"id":941,"date":"2026-01-25T17:54:43","date_gmt":"2026-01-25T10:54:43","guid":{"rendered":"https:\/\/tonphumy.com.vn\/?page_id=941"},"modified":"2026-01-25T18:51:41","modified_gmt":"2026-01-25T11:51:41","slug":"nang-luc-san-xuat","status":"publish","type":"page","link":"https:\/\/tonphumy.com.vn\/en\/nang-luc-san-xuat\/","title":{"rendered":"N\u0103ng l\u1ef1c s\u1ea3n xu\u1ea5t"},"content":{"rendered":"<section class=\"section\" id=\"section_1033439961\">\n\t\t<div class=\"section-bg fill\" >\n\t\t\t\t\t\t\t\t\t<div class=\"section-bg-overlay absolute fill\"><\/div>\n\t\t\t\n\n\t\t<\/div>\n\n\t\t\n\n\t\t<div class=\"section-content relative\">\n\t\t\t\n<div class=\"row row-collapse\"  id=\"row-630028954\">\n\n\t<div id=\"col-248805083\" class=\"col small-12 large-12\"  >\n\t\t\t\t<div class=\"col-inner\"  >\n\t\t\t\n\t\t\t\n\t<div id=\"text-1240075120\" class=\"text box-link\">\n\t\t\n<nav aria-label=\"breadcrumbs\" class=\"rank-math-breadcrumb\"><p><span class=\"last\">Home<\/span><\/p><\/nav>\n\t\t\t<\/div>\n\t\n\t\t<\/div>\n\t\t\t\t\t<\/div>\n\n\t\n\n<style>\n#row-630028954 > .col > .col-inner {\n  padding: 0px 15px 0px 15px;\n}\n<\/style>\n<\/div>\n\t\t<\/div>\n\n\t\t\n<style>\n#section_1033439961 {\n  padding-top: 15px;\n  padding-bottom: 15px;\n}\n#section_1033439961 .section-bg-overlay {\n  background-color: rgb(7, 34, 65);\n}\n<\/style>\n\t<\/section>\n\t\n\n\t<section class=\"section\" id=\"section_873030398\">\n\t\t<div class=\"section-bg fill\" >\n\t\t\t\t\t\t\t\t\t\n\t\t\t\n\n\t\t<\/div>\n\n\t\t\n\n\t\t<div class=\"section-content relative\">\n\t\t\t\n<div class=\"row row-collapse align-center\"  id=\"row-1004480950\">\n\n\t<div id=\"col-942896982\" class=\"col medium-9 small-12 large-9\"  >\n\t\t\t\t<div class=\"col-inner\"  >\n\t\t\t\n\t\t\t\n\t<div id=\"text-522166452\" class=\"text segTitle\">\n\t\t\n<h1><span class=\"ez-toc-section\" id=\"Nang_luc_san_xuat\"><\/span>N\u0103ng l\u1ef1c s\u1ea3n xu\u1ea5t<span class=\"ez-toc-section-end\"><\/span><\/h1>\n\t\t\n<style>\n#text-522166452 {\n  text-align: center;\n  color: #1658a7;\n}\n#text-522166452 > * {\n  color: #1658a7;\n}\n<\/style>\n\t<\/div>\n\t\n\t<div id=\"text-1649408764\" class=\"text theContent\">\n\t\t\n<p>Ton Phu My is the manufacturer of corrugated roofing Vietnam's leading technology applications, cold rolled, modern. Our products featured with high strength, corrosion resistant and optimal insulation, accompany every project.<br \/>\n\t\t\n<style>\n#text-1649408764 {\n  text-align: center;\n}\n<\/style>\n\t<\/div>\n\t\n\t\t<\/div>\n\t\t\t\t\t<\/div>\n\n\t\n\n<style>\n#row-1004480950 > .col > .col-inner {\n  padding: 0px 15px 0px 15px;\n}\n<\/style>\n<\/div>\n\t\t<\/div>\n\n\t\t\n<style>\n#section_873030398 {\n  padding-top: 30px;\n  padding-bottom: 30px;\n}\n@media (min-width:550px) {\n  #section_873030398 {\n    padding-top: 50px;\n    padding-bottom: 50px;\n  }\n}\n@media (min-width:850px) {\n  #section_873030398 {\n    padding-top: 80px;\n    padding-bottom: 80px;\n  }\n}\n<\/style>\n\t<\/section>\n\t\n\t<div class=\"img has-hover x md-x lg-x y md-y lg-y\" id=\"image_1436904916\">\n\t\t\t\t\t\t\t\t<div class=\"img-inner dark\" >\n\t\t\t<img loading=\"lazy\" decoding=\"async\" width=\"900\" height=\"562\" src=\"https:\/\/tonphumy.com.vn\/wp-content\/uploads\/2025\/10\/SEO-3.png\" class=\"attachment-original size-original\" alt=\"\" srcset=\"https:\/\/tonphumy.com.vn\/wp-content\/uploads\/2025\/10\/SEO-3.png 900w, https:\/\/tonphumy.com.vn\/wp-content\/uploads\/2025\/10\/SEO-3-300x187.png 300w, https:\/\/tonphumy.com.vn\/wp-content\/uploads\/2025\/10\/SEO-3-768x480.png 768w, https:\/\/tonphumy.com.vn\/wp-content\/uploads\/2025\/10\/SEO-3-18x12.png 18w\" sizes=\"auto, (max-width: 900px) 100vw, 900px\" \/>\t\t\t\t\t\t\n\t\t\t\t\t<\/div>\n\t\t\t\t\t\t\t\t\n<style>\n#image_1436904916 {\n  width: 100%;\n}\n<\/style>\n\t<\/div>\n\t\n\n\t<section class=\"section\" id=\"section_919185075\">\n\t\t<div class=\"section-bg fill\" >\n\t\t\t<img loading=\"lazy\" decoding=\"async\" width=\"1920\" height=\"975\" src=\"https:\/\/tonphumy.com.vn\/wp-content\/uploads\/2025\/09\/scap-map-1-1.png\" class=\"bg attachment-original size-original\" alt=\"\" \/>\t\t\t\t\t\t\n\t\t\t\n\n\t\t<\/div>\n\n\t\t\n\n\t\t<div class=\"section-content relative\">\n\t\t\t\n<div class=\"row align-middle\"  id=\"row-249794142\">\n\n\t<div id=\"col-81058161\" class=\"col medium-12 small-12 large-7\"  >\n\t\t\t\t<div class=\"col-inner\"  >\n\t\t\t\n\t\t\t\n\t<div class=\"img has-hover img-title x md-x lg-x y md-y lg-y\" id=\"image_1896375382\">\n\t\t\t\t\t\t\t\t<div class=\"img-inner dark\" >\n\t\t\t<img loading=\"lazy\" decoding=\"async\" width=\"589\" height=\"153\" src=\"https:\/\/tonphumy.com.vn\/wp-content\/uploads\/2025\/09\/Group-8706-1.png\" class=\"attachment-original size-original\" alt=\"\" srcset=\"https:\/\/tonphumy.com.vn\/wp-content\/uploads\/2025\/09\/Group-8706-1.png 589w, https:\/\/tonphumy.com.vn\/wp-content\/uploads\/2025\/09\/Group-8706-1-300x78.png 300w, https:\/\/tonphumy.com.vn\/wp-content\/uploads\/2025\/09\/Group-8706-1-18x5.png 18w\" sizes=\"auto, (max-width: 589px) 100vw, 589px\" \/>\t\t\t\t\t\t\n\t\t\t\t\t<\/div>\n\t\t\t\t\t\t\t\t\n<style>\n#image_1896375382 {\n  width: 100%;\n}\n<\/style>\n\t<\/div>\n\t\n\t<div id=\"text-358881925\" class=\"text segTitle\">\n\t\t\n<h2><span class=\"ez-toc-section\" id=\"Nang_luc_van_hanh_Quy_mo_nha_may\"><\/span>Capacity operation <span class=\"color-org\">&amp; Quy m\u00f4 nh\u00e0 m\u00e1y<\/span><span class=\"ez-toc-section-end\"><\/span><\/h2>\n\t\t\t<\/div>\n\t\n\t<div id=\"text-1616446449\" class=\"text text-justify\">\n\t\t\n<p>Factory scale <strong>13 ha<\/strong>located on the campus company, Phu my flat Steel \u2013 VNSteel at <strong>Phu my 1 INDUSTRIAL zone, Phu my ward, DIST. Ho Chi Minh<\/strong>. With <strong>the total investment capital of about 1,800 billion<\/strong>chains are designed capacity of 200,000 tons\/year, ensures big production capacity and stability. Currently the plant has <strong>170 officers<\/strong>employees operate and supply the products <strong>ton cold, ton cold color, religion panel and diamond<\/strong>to meet diverse needs in construction and industry.<br \/>\n\t\t\t<\/div>\n\t\n\t<div id=\"gap-851760943\" class=\"gap-element clearfix\" style=\"display:block; height:auto;\">\n\t\t\n<style>\n#gap-851760943 {\n  padding-top: 30px;\n}\n<\/style>\n\t<\/div>\n\t\n<div class=\"row align-equal row-box-shadow-2\"  id=\"row-1489737929\">\n\n\t<div id=\"col-509836702\" class=\"col medium-4 small-12 large-4\"  >\n\t\t\t\t<div class=\"col-inner\"  >\n\t\t\t\n\t\t\t\n\n\t\t<div class=\"icon-box featured-box icon-iso icon-box-top text-left\"  >\n\t\t\t\t\t<div class=\"icon-box-img\" style=\"width: 50px\">\n\t\t\t\t<div class=\"icon\">\n\t\t\t\t\t<div class=\"icon-inner\" >\n\t\t\t\t\t\t<img loading=\"lazy\" decoding=\"async\" width=\"49\" height=\"48\" src=\"https:\/\/tonphumy.com.vn\/wp-content\/uploads\/2025\/09\/3401263-1.png\" class=\"attachment-medium size-medium\" alt=\"\" \/>\t\t\t\t\t<\/div>\n\t\t\t\t<\/div>\n\t\t\t<\/div>\n\t\t\t\t<div class=\"icon-box-text last-reset\">\n\t\t\t\t\t\t\t\t\t\n\t<div id=\"text-2296070780\" class=\"text theContent\">\n\t\t\n<div class=\"nb-count ct-small\"><span class=\"count-up number\">200000<\/span>tons\/year<\/div>\n<h3><span class=\"ez-toc-section\" id=\"Cong_suat\"><\/span>Capacity<span class=\"ez-toc-section-end\"><\/span><\/h3>\n\t\t\n<style>\n#text-2296070780 {\n  color: rgb(0,0,0);\n}\n#text-2296070780 > * {\n  color: rgb(0,0,0);\n}\n<\/style>\n\t<\/div>\n\t\n\t\t<\/div>\n\t<\/div>\n\t\n\t\n\t\t<\/div>\n\t\t\t\t\t<\/div>\n\n\t\n\n\t<div id=\"col-1398698823\" class=\"col medium-4 small-12 large-4\"  >\n\t\t\t\t<div class=\"col-inner\"  >\n\t\t\t\n\t\t\t\n\n\t\t<div class=\"icon-box featured-box icon-iso icon-box-top text-left\"  >\n\t\t\t\t\t<div class=\"icon-box-img\" style=\"width: 50px\">\n\t\t\t\t<div class=\"icon\">\n\t\t\t\t\t<div class=\"icon-inner\" >\n\t\t\t\t\t\t<img loading=\"lazy\" decoding=\"async\" width=\"49\" height=\"48\" src=\"https:\/\/tonphumy.com.vn\/wp-content\/uploads\/2025\/09\/731549-1.png\" class=\"attachment-medium size-medium\" alt=\"\" \/>\t\t\t\t\t<\/div>\n\t\t\t\t<\/div>\n\t\t\t<\/div>\n\t\t\t\t<div class=\"icon-box-text last-reset\">\n\t\t\t\t\t\t\t\t\t\n\t<div id=\"text-1691288836\" class=\"text theContent\">\n\t\t\n<div class=\"nb-count ct-small\"><span class=\"count-up number\">13<\/span>ha<\/div>\n<h3><span class=\"ez-toc-section\" id=\"Dien_tich\"><\/span>Area<span class=\"ez-toc-section-end\"><\/span><\/h3>\n\t\t\n<style>\n#text-1691288836 {\n  color: rgb(0,0,0);\n}\n#text-1691288836 > * {\n  color: rgb(0,0,0);\n}\n<\/style>\n\t<\/div>\n\t\n\t\t<\/div>\n\t<\/div>\n\t\n\t\n\t\t<\/div>\n\t\t\t\t\t<\/div>\n\n\t\n\n\t<div id=\"col-1343332617\" class=\"col medium-4 small-12 large-4\"  >\n\t\t\t\t<div class=\"col-inner\"  >\n\t\t\t\n\t\t\t\n\n\t\t<div class=\"icon-box featured-box icon-iso icon-box-top text-left\"  >\n\t\t\t\t\t<div class=\"icon-box-img\" style=\"width: 50px\">\n\t\t\t\t<div class=\"icon\">\n\t\t\t\t\t<div class=\"icon-inner\" >\n\t\t\t\t\t\t<img loading=\"lazy\" decoding=\"async\" width=\"49\" height=\"48\" src=\"https:\/\/tonphumy.com.vn\/wp-content\/uploads\/2025\/09\/8916172-1.png\" class=\"attachment-medium size-medium\" alt=\"\" \/>\t\t\t\t\t<\/div>\n\t\t\t\t<\/div>\n\t\t\t<\/div>\n\t\t\t\t<div class=\"icon-box-text last-reset\">\n\t\t\t\t\t\t\t\t\t\n\t<div id=\"text-1251907\" class=\"text theContent\">\n\t\t\n<div class=\"nb-count ct-small\"><span class=\"count-up number\">170<\/span>People<\/div>\n<h3><span class=\"ez-toc-section\" id=\"Quy_mo_nhan_su\"><\/span>Scale hr<span class=\"ez-toc-section-end\"><\/span><\/h3>\n\t\t\n<style>\n#text-1251907 {\n  color: rgb(0,0,0);\n}\n#text-1251907 > * {\n  color: rgb(0,0,0);\n}\n<\/style>\n\t<\/div>\n\t\n\t\t<\/div>\n\t<\/div>\n\t\n\t\n\t\t<\/div>\n\t\t\t\t\t<\/div>\n\n\t\n\n<style>\n#row-1489737929 > .col > .col-inner {\n  padding: 18px 18px 18px 18px;\n  background-color: rgb(255, 255, 255);\n  border-radius: 15px;\n}\n<\/style>\n<\/div>\n\t\t<\/div>\n\t\t\t\t\t<\/div>\n\n\t\n\n\t<div id=\"col-2076824239\" class=\"col medium-12 small-12 large-5\"  >\n\t\t\t\t<div class=\"col-inner\"  >\n\t\t\t\n\t\t\t\n\n  \n    <div class=\"row large-columns-2 medium-columns-4 small-columns-2 row-small\" >\n  <div class=\"gallery-col col\" >\n          <div class=\"col-inner\">\n                        <div class=\"box has-hover gallery-box box-normal\">\n              <div class=\"box-image image-cover\" style=\"padding-top:100%;\">\n                <img loading=\"lazy\" decoding=\"async\" width=\"1000\" height=\"1150\" src=\"https:\/\/tonphumy.com.vn\/wp-content\/uploads\/2025\/10\/Thiet-ke-chua-co-ten-12.png\" class=\"attachment-original size-original\" alt=\"\" ids=\"634,633,636,635\" style=\"normal\" lightbox=\"false\" col_spacing=\"small\" columns=\"2\" columns__sm=\"2\" columns__md=\"4\" image_height=\"100%\" image_size=\"original\" text_padding=\"0px 0px 0px 0px\" srcset=\"https:\/\/tonphumy.com.vn\/wp-content\/uploads\/2025\/10\/Thiet-ke-chua-co-ten-12.png 1000w, https:\/\/tonphumy.com.vn\/wp-content\/uploads\/2025\/10\/Thiet-ke-chua-co-ten-12-261x300.png 261w, https:\/\/tonphumy.com.vn\/wp-content\/uploads\/2025\/10\/Thiet-ke-chua-co-ten-12-890x1024.png 890w, https:\/\/tonphumy.com.vn\/wp-content\/uploads\/2025\/10\/Thiet-ke-chua-co-ten-12-768x883.png 768w, https:\/\/tonphumy.com.vn\/wp-content\/uploads\/2025\/10\/Thiet-ke-chua-co-ten-12-10x12.png 10w\" sizes=\"auto, (max-width: 1000px) 100vw, 1000px\" \/>                                                              <\/div>\n              <div class=\"box-text text-left\" style=\"padding:0px 0px 0px 0px;\">\n                 <p><\/p>\n              <\/div>\n            <\/div>\n                      <\/div>\n         <\/div><div class=\"gallery-col col\" >\n          <div class=\"col-inner\">\n                        <div class=\"box has-hover gallery-box box-normal\">\n              <div class=\"box-image image-cover\" style=\"padding-top:100%;\">\n                <img loading=\"lazy\" decoding=\"async\" width=\"1000\" height=\"1150\" src=\"https:\/\/tonphumy.com.vn\/wp-content\/uploads\/2025\/10\/Thiet-ke-chua-co-ten-10.png\" class=\"attachment-original size-original\" alt=\"\" ids=\"634,633,636,635\" style=\"normal\" lightbox=\"false\" col_spacing=\"small\" columns=\"2\" columns__sm=\"2\" columns__md=\"4\" image_height=\"100%\" image_size=\"original\" text_padding=\"0px 0px 0px 0px\" srcset=\"https:\/\/tonphumy.com.vn\/wp-content\/uploads\/2025\/10\/Thiet-ke-chua-co-ten-10.png 1000w, https:\/\/tonphumy.com.vn\/wp-content\/uploads\/2025\/10\/Thiet-ke-chua-co-ten-10-261x300.png 261w, https:\/\/tonphumy.com.vn\/wp-content\/uploads\/2025\/10\/Thiet-ke-chua-co-ten-10-890x1024.png 890w, https:\/\/tonphumy.com.vn\/wp-content\/uploads\/2025\/10\/Thiet-ke-chua-co-ten-10-768x883.png 768w, https:\/\/tonphumy.com.vn\/wp-content\/uploads\/2025\/10\/Thiet-ke-chua-co-ten-10-10x12.png 10w\" sizes=\"auto, (max-width: 1000px) 100vw, 1000px\" \/>                                                              <\/div>\n              <div class=\"box-text text-left\" style=\"padding:0px 0px 0px 0px;\">\n                 <p><\/p>\n              <\/div>\n            <\/div>\n                      <\/div>\n         <\/div><div class=\"gallery-col col\" >\n          <div class=\"col-inner\">\n                        <div class=\"box has-hover gallery-box box-normal\">\n              <div class=\"box-image image-cover\" style=\"padding-top:100%;\">\n                <img loading=\"lazy\" decoding=\"async\" width=\"1000\" height=\"1150\" src=\"https:\/\/tonphumy.com.vn\/wp-content\/uploads\/2025\/10\/6.png\" class=\"attachment-original size-original\" alt=\"\" ids=\"634,633,636,635\" style=\"normal\" lightbox=\"false\" col_spacing=\"small\" columns=\"2\" columns__sm=\"2\" columns__md=\"4\" image_height=\"100%\" image_size=\"original\" text_padding=\"0px 0px 0px 0px\" srcset=\"https:\/\/tonphumy.com.vn\/wp-content\/uploads\/2025\/10\/6.png 1000w, https:\/\/tonphumy.com.vn\/wp-content\/uploads\/2025\/10\/6-261x300.png 261w, https:\/\/tonphumy.com.vn\/wp-content\/uploads\/2025\/10\/6-890x1024.png 890w, https:\/\/tonphumy.com.vn\/wp-content\/uploads\/2025\/10\/6-768x883.png 768w, https:\/\/tonphumy.com.vn\/wp-content\/uploads\/2025\/10\/6-10x12.png 10w\" sizes=\"auto, (max-width: 1000px) 100vw, 1000px\" \/>                                                              <\/div>\n              <div class=\"box-text text-left\" style=\"padding:0px 0px 0px 0px;\">\n                 <p><\/p>\n              <\/div>\n            <\/div>\n                      <\/div>\n         <\/div><div class=\"gallery-col col\" >\n          <div class=\"col-inner\">\n                        <div class=\"box has-hover gallery-box box-normal\">\n              <div class=\"box-image image-cover\" style=\"padding-top:100%;\">\n                <img loading=\"lazy\" decoding=\"async\" width=\"1000\" height=\"1150\" src=\"https:\/\/tonphumy.com.vn\/wp-content\/uploads\/2025\/10\/7.png\" class=\"attachment-original size-original\" alt=\"\" ids=\"634,633,636,635\" style=\"normal\" lightbox=\"false\" col_spacing=\"small\" columns=\"2\" columns__sm=\"2\" columns__md=\"4\" image_height=\"100%\" image_size=\"original\" text_padding=\"0px 0px 0px 0px\" srcset=\"https:\/\/tonphumy.com.vn\/wp-content\/uploads\/2025\/10\/7.png 1000w, https:\/\/tonphumy.com.vn\/wp-content\/uploads\/2025\/10\/7-261x300.png 261w, https:\/\/tonphumy.com.vn\/wp-content\/uploads\/2025\/10\/7-890x1024.png 890w, https:\/\/tonphumy.com.vn\/wp-content\/uploads\/2025\/10\/7-768x883.png 768w, https:\/\/tonphumy.com.vn\/wp-content\/uploads\/2025\/10\/7-10x12.png 10w\" sizes=\"auto, (max-width: 1000px) 100vw, 1000px\" \/>                                                              <\/div>\n              <div class=\"box-text text-left\" style=\"padding:0px 0px 0px 0px;\">\n                 <p><\/p>\n              <\/div>\n            <\/div>\n                      <\/div>\n         <\/div><\/div>\n\t\t<\/div>\n\t\t\t\t\n<style>\n#col-2076824239 > .col-inner {\n  padding: 0px 0px 0px 0px;\n}\n@media (min-width:550px) {\n  #col-2076824239 > .col-inner {\n    padding: 0px 0px 0px 0px;\n  }\n}\n@media (min-width:850px) {\n  #col-2076824239 > .col-inner {\n    padding: 0px 0px 0px 50px;\n  }\n}\n<\/style>\n\t<\/div>\n\n\t\n<\/div>\n\t\t<\/div>\n\n\t\t\n<style>\n#section_919185075 {\n  padding-top: 30px;\n  padding-bottom: 30px;\n}\n#section_919185075 .section-bg img {\n  object-position: 51% 0%;\n}\n@media (min-width:550px) {\n  #section_919185075 {\n    padding-top: 50px;\n    padding-bottom: 50px;\n  }\n}\n@media (min-width:850px) {\n  #section_919185075 {\n    padding-top: 80px;\n    padding-bottom: 80px;\n  }\n}\n<\/style>\n\t<\/section>\n\t\n\n\t<section class=\"section\" id=\"section_213997289\">\n\t\t<div class=\"section-bg fill\" >\n\t\t\t<img loading=\"lazy\" decoding=\"async\" width=\"1920\" height=\"888\" src=\"https:\/\/tonphumy.com.vn\/wp-content\/uploads\/2025\/09\/Frame-1171278121.png\" class=\"bg attachment-original size-original\" alt=\"\" \/>\t\t\t\t\t\t\n\t\t\t\n\n\t\t<\/div>\n\n\t\t\n\n\t\t<div class=\"section-content relative\">\n\t\t\t\n\n<div class=\"row align-center\"  id=\"row-1052493177\">\n\n\n\t<div id=\"col-121108644\" class=\"col medium-9 small-12 large-10\"  >\n\t\t\t\t<div class=\"col-inner text-center\"  >\n\t\t\t\n\t\t\t\n\n\t<div class=\"img has-hover img-title x md-x lg-x y md-y lg-y\" id=\"image_626323966\">\n\t\t\t\t\t\t\t\t<div class=\"img-inner dark\" >\n\t\t\t<img loading=\"lazy\" decoding=\"async\" width=\"589\" height=\"153\" src=\"https:\/\/tonphumy.com.vn\/wp-content\/uploads\/2025\/09\/Group-8706-1.png\" class=\"attachment-original size-original\" alt=\"\" srcset=\"https:\/\/tonphumy.com.vn\/wp-content\/uploads\/2025\/09\/Group-8706-1.png 589w, https:\/\/tonphumy.com.vn\/wp-content\/uploads\/2025\/09\/Group-8706-1-300x78.png 300w, https:\/\/tonphumy.com.vn\/wp-content\/uploads\/2025\/09\/Group-8706-1-18x5.png 18w\" sizes=\"auto, (max-width: 589px) 100vw, 589px\" \/>\t\t\t\t\t\t\n\t\t\t\t\t<\/div>\n\t\t\t\t\t\t\t\t\n<style>\n#image_626323966 {\n  width: 100%;\n}\n<\/style>\n\t<\/div>\n\t\n\n\t<div id=\"text-3802819911\" class=\"text segTitle\">\n\t\t\n\n<div class=\"h2\">Together you create the sustainable<\/div>\n\n\t\t\n<style>\n#text-3802819911 {\n  text-align: center;\n  color: rgb(255,255,255);\n}\n#text-3802819911 > * {\n  color: rgb(255,255,255);\n}\n<\/style>\n\t<\/div>\n\t\n\t<div id=\"text-3561219892\" class=\"text theContent\">\n\t\t\n\nTon Phu My is the manufacturer of corrugated roofing Vietnam's leading technology applications, cold rolled, modern. Our products featured with high strength, corrosion resistant and optimal insulation, accompany every project.\n\t\t\n<style>\n#text-3561219892 {\n  text-align: center;\n  color: rgb(190, 190, 190);\n}\n#text-3561219892 > * {\n  color: rgb(190, 190, 190);\n}\n<\/style>\n\t<\/div>\n\t\n\t<div id=\"gap-1392931308\" class=\"gap-element clearfix\" style=\"display:block; height:auto;\">\n\t\t\n<style>\n#gap-1392931308 {\n  padding-top: 30px;\n}\n<\/style>\n\t<\/div>\n\t\n\n<a href=\"https:\/\/tonphumy.com.vn\/ve-chung-toi\/\" class=\"button success is-outline lowercase btn-prime\"  style=\"border-radius:99px;\">\n\t\t<span>Learn more<\/span>\n\t<\/a>\n\n\n<a href=\"https:\/\/tonphumy.com.vn\/lien-he\/\" class=\"button primary lowercase btn-prime\"  style=\"border-radius:99px;\">\n\t\t<span>Get a quote<\/span>\n\t<\/a>\n\n\n\n\t\t<\/div>\n\t\t\t\t\t<\/div>\n\n\t\n\n<\/div>\n\t<div id=\"gap-125539002\" class=\"gap-element clearfix\" style=\"display:block; height:auto;\">\n\t\t\n<style>\n#gap-125539002 {\n  padding-top: 0px;\n}\n@media (min-width:550px) {\n  #gap-125539002 {\n    padding-top: 100px;\n  }\n}\n@media (min-width:850px) {\n  #gap-125539002 {\n    padding-top: 400px;\n  }\n}\n<\/style>\n\t<\/div>\n\t\n\n\n\t\t<\/div>\n\n\t\t\n<style>\n#section_213997289 {\n  padding-top: 50px;\n  padding-bottom: 50px;\n}\n#section_213997289 .section-bg img {\n  object-position: 50% 100%;\n}\n<\/style>\n\t<\/section>","protected":false},"excerpt":{"rendered":"","protected":false},"author":1,"featured_media":0,"parent":0,"menu_order":0,"comment_status":"closed","ping_status":"closed","template":"page-blank.php","meta":{"_acf_changed":false,"footnotes":""},"class_list":["post-941","page","type-page","status-publish","hentry"],"acf":[],"_links":{"self":[{"href":"https:\/\/tonphumy.com.vn\/en\/wp-json\/wp\/v2\/pages\/941","targetHints":{"allow":["GET"]}}],"collection":[{"href":"https:\/\/tonphumy.com.vn\/en\/wp-json\/wp\/v2\/pages"}],"about":[{"href":"https:\/\/tonphumy.com.vn\/en\/wp-json\/wp\/v2\/types\/page"}],"author":[{"embeddable":true,"href":"https:\/\/tonphumy.com.vn\/en\/wp-json\/wp\/v2\/users\/1"}],"replies":[{"embeddable":true,"href":"https:\/\/tonphumy.com.vn\/en\/wp-json\/wp\/v2\/comments?post=941"}],"version-history":[{"count":4,"href":"https:\/\/tonphumy.com.vn\/en\/wp-json\/wp\/v2\/pages\/941\/revisions"}],"predecessor-version":[{"id":978,"href":"https:\/\/tonphumy.com.vn\/en\/wp-json\/wp\/v2\/pages\/941\/revisions\/978"}],"wp:attachment":[{"href":"https:\/\/tonphumy.com.vn\/en\/wp-json\/wp\/v2\/media?parent=941"}],"curies":[{"name":"wp","href":"https:\/\/api.w.org\/{rel}","templated":true}]}}